{"id":20528,"date":"2019-01-22T13:02:43","date_gmt":"2019-01-22T11:02:43","guid":{"rendered":"http:\/\/anremoy.veebispetsid.com\/?page_id=20528"},"modified":"2019-01-25T15:36:05","modified_gmt":"2019-01-25T13:36:05","slug":"moobli-paigaldus","status":"publish","type":"page","link":"https:\/\/anrem.fi\/et\/teenused\/moobli-paigaldus\/","title":{"rendered":"M\u00f6\u00f6bli paigaldus"},"content":{"rendered":"<h5>J\u00e4ta m\u00f6\u00f6bli paigaldamine meistrite hooleks \u2013 meil on selleks vastav v\u00e4lja\u00f5pe ja suur kogemustepagas.<\/h5>\n<p>Kuigi v\u00f5ib arvata, et m\u00f6\u00f6bli kokkupanek on lihtne, siis v\u00f5ib see v\u00f5tta tavainimesel v\u00e4ga kaua aega \u2013 meie teeme selle t\u00f6\u00f6 kiiresti ja korrektselt.<\/p>\n<p>Paigaldame erinevat t\u00fc\u00fcpi m\u00f6\u00f6blit v\u00e4ikesest kapist kuni suurte sisustuselementideni. Teenuse k\u00e4igus paigaldatakse olemasolev m\u00f6\u00f6bel kliendi v\u00e4ljavalitud kohta vastavalt m\u00f6\u00f6bli joonistele.<\/p>\n<p>Pakume ka m\u00f6\u00f6bli demontaazi teenust \u2013 v\u00f5tame lahti soovitud m\u00f6\u00f6bli v\u00f5i sisustuselemendi. J\u00e4ta m\u00f6\u00f6bli demontaaz ala asjatundjatele, nii saad olla kindel, et m\u00f6\u00f6bel ja ka k\u00f5ik selle \u00fcmber j\u00e4\u00e4vad selle k\u00e4igus terveks.<\/p>\n<p><a href=\"https:\/\/anrem.fi\/wp-content\/uploads\/2019\/01\/thumb-6.jpg\"><img decoding=\"async\" class=\"alignnone size-full wp-image-20424\" src=\"https:\/\/anrem.fi\/wp-content\/uploads\/2019\/01\/thumb-6.jpg\" alt=\"\" width=\"600\" height=\"600\" srcset=\"https:\/\/anrem.fi\/wp-content\/uploads\/2019\/01\/thumb-6-66x66.jpg 66w, https:\/\/anrem.fi\/wp-content\/uploads\/2019\/01\/thumb-6-150x150.jpg 150w, https:\/\/anrem.fi\/wp-content\/uploads\/2019\/01\/thumb-6-200x200.jpg 200w, https:\/\/anrem.fi\/wp-content\/uploads\/2019\/01\/thumb-6-300x300.jpg 300w, https:\/\/anrem.fi\/wp-content\/uploads\/2019\/01\/thumb-6-400x400.jpg 400w, https:\/\/anrem.fi\/wp-content\/uploads\/2019\/01\/thumb-6.jpg 600w\" sizes=\"(max-width: 600px) 100vw, 600px\" \/><\/a><\/p>\n","protected":false},"excerpt":{"rendered":"<p> [&hellip;]<\/p>\n","protected":false},"author":2,"featured_media":0,"parent":20387,"menu_order":0,"comment_status":"closed","ping_status":"closed","template":"","meta":{"footnotes":""},"_links":{"self":[{"href":"https:\/\/anrem.fi\/et\/wp-json\/wp\/v2\/pages\/20528"}],"collection":[{"href":"https:\/\/anrem.fi\/et\/wp-json\/wp\/v2\/pages"}],"about":[{"href":"https:\/\/anrem.fi\/et\/wp-json\/wp\/v2\/types\/page"}],"author":[{"embeddable":true,"href":"https:\/\/anrem.fi\/et\/wp-json\/wp\/v2\/users\/2"}],"replies":[{"embeddable":true,"href":"https:\/\/anrem.fi\/et\/wp-json\/wp\/v2\/comments?post=20528"}],"version-history":[{"count":3,"href":"https:\/\/anrem.fi\/et\/wp-json\/wp\/v2\/pages\/20528\/revisions"}],"predecessor-version":[{"id":20638,"href":"https:\/\/anrem.fi\/et\/wp-json\/wp\/v2\/pages\/20528\/revisions\/20638"}],"up":[{"embeddable":true,"href":"https:\/\/anrem.fi\/et\/wp-json\/wp\/v2\/pages\/20387"}],"wp:attachment":[{"href":"https:\/\/anrem.fi\/et\/wp-json\/wp\/v2\/media?parent=20528"}],"curies":[{"name":"wp","href":"https:\/\/api.w.org\/{rel}","templated":true}]}}