{"id":20524,"date":"2019-01-22T13:01:59","date_gmt":"2019-01-22T11:01:59","guid":{"rendered":"http:\/\/anremoy.veebispetsid.com\/?page_id=20524"},"modified":"2019-01-30T13:49:05","modified_gmt":"2019-01-30T11:49:05","slug":"uldehitustood","status":"publish","type":"page","link":"https:\/\/anrem.fi\/et\/teenused\/uldehitustood\/","title":{"rendered":"\u00dcldehitust\u00f6\u00f6d"},"content":{"rendered":"<h5>Teostame erinevaid \u00fcldehitust\u00f6id.<\/h5>\n<p>Alates vundamendi valamisest kuni katuse ehitamiseni. Planeerime, ehitame vahelaed, katuse ja vaheseinad, paigaldame seinte ja lagede katted, soojustame ja isoleerime, viimistleme nii seest kui v\u00e4ljast.<\/p>\n<p>Teeme tihedat koost\u00f6\u00f6d erinevate elektri- ja torut\u00f6\u00f6de ettev\u00f5tetega, seega suudame pakkuda ka v\u00f5tmed k\u00e4tte teenust. Pakume paindlikku ja kliendile orienteeritud teenust ning kvaliteetset l\u00f5pptulemust.<\/p>\n<p><a href=\"https:\/\/anrem.fi\/wp-content\/uploads\/2019\/01\/thumb-2-1.jpg\"><img decoding=\"async\" class=\"alignnone size-full wp-image-20653\" src=\"https:\/\/anrem.fi\/wp-content\/uploads\/2019\/01\/thumb-2-1.jpg\" alt=\"\" width=\"600\" height=\"600\" srcset=\"https:\/\/anrem.fi\/wp-content\/uploads\/2019\/01\/thumb-2-1-66x66.jpg 66w, https:\/\/anrem.fi\/wp-content\/uploads\/2019\/01\/thumb-2-1-150x150.jpg 150w, https:\/\/anrem.fi\/wp-content\/uploads\/2019\/01\/thumb-2-1-200x200.jpg 200w, https:\/\/anrem.fi\/wp-content\/uploads\/2019\/01\/thumb-2-1-300x300.jpg 300w, https:\/\/anrem.fi\/wp-content\/uploads\/2019\/01\/thumb-2-1-400x400.jpg 400w, https:\/\/anrem.fi\/wp-content\/uploads\/2019\/01\/thumb-2-1.jpg 600w\" sizes=\"(max-width: 600px) 100vw, 600px\" \/><\/a><\/p>\n","protected":false},"excerpt":{"rendered":"<p> [&hellip;]<\/p>\n","protected":false},"author":2,"featured_media":0,"parent":20387,"menu_order":0,"comment_status":"closed","ping_status":"closed","template":"","meta":{"footnotes":""},"_links":{"self":[{"href":"https:\/\/anrem.fi\/et\/wp-json\/wp\/v2\/pages\/20524"}],"collection":[{"href":"https:\/\/anrem.fi\/et\/wp-json\/wp\/v2\/pages"}],"about":[{"href":"https:\/\/anrem.fi\/et\/wp-json\/wp\/v2\/types\/page"}],"author":[{"embeddable":true,"href":"https:\/\/anrem.fi\/et\/wp-json\/wp\/v2\/users\/2"}],"replies":[{"embeddable":true,"href":"https:\/\/anrem.fi\/et\/wp-json\/wp\/v2\/comments?post=20524"}],"version-history":[{"count":3,"href":"https:\/\/anrem.fi\/et\/wp-json\/wp\/v2\/pages\/20524\/revisions"}],"predecessor-version":[{"id":20659,"href":"https:\/\/anrem.fi\/et\/wp-json\/wp\/v2\/pages\/20524\/revisions\/20659"}],"up":[{"embeddable":true,"href":"https:\/\/anrem.fi\/et\/wp-json\/wp\/v2\/pages\/20387"}],"wp:attachment":[{"href":"https:\/\/anrem.fi\/et\/wp-json\/wp\/v2\/media?parent=20524"}],"curies":[{"name":"wp","href":"https:\/\/api.w.org\/{rel}","templated":true}]}}