{"id":20522,"date":"2019-01-22T13:01:45","date_gmt":"2019-01-22T11:01:45","guid":{"rendered":"http:\/\/anremoy.veebispetsid.com\/?page_id=20522"},"modified":"2019-01-25T15:32:19","modified_gmt":"2019-01-25T13:32:19","slug":"valis-ja-sise-varvimistood","status":"publish","type":"page","link":"https:\/\/anrem.fi\/et\/teenused\/valis-ja-sise-varvimistood\/","title":{"rendered":"V\u00e4lis- ja sise v\u00e4rvimist\u00f6\u00f6d"},"content":{"rendered":"<h5>Koost\u00f6\u00f6s kliendiga valime v\u00e4lja sobivad v\u00e4rvid ja v\u00e4rvitoonid, et klient j\u00e4\u00e4ks tulemusega rahule ning saaks veel kaua l\u00f5pptulemust imetleda.<\/h5>\n<p>Valmistame pinnad v\u00e4rvimiseks ette, et tulemus peale v\u00e4rvimist oleks kauakestev. Meie spetsialistid oskavad valida v\u00e4lja just vastavaks t\u00f6\u00f6ks sobivad v\u00e4rvid.<\/p>\n<p><a href=\"https:\/\/anrem.fi\/wp-content\/uploads\/2019\/01\/thumb-4.jpg\"><img decoding=\"async\" class=\"alignnone size-full wp-image-20418\" src=\"https:\/\/anrem.fi\/wp-content\/uploads\/2019\/01\/thumb-4.jpg\" alt=\"\" width=\"600\" height=\"600\" srcset=\"https:\/\/anrem.fi\/wp-content\/uploads\/2019\/01\/thumb-4-66x66.jpg 66w, https:\/\/anrem.fi\/wp-content\/uploads\/2019\/01\/thumb-4-150x150.jpg 150w, https:\/\/anrem.fi\/wp-content\/uploads\/2019\/01\/thumb-4-200x200.jpg 200w, https:\/\/anrem.fi\/wp-content\/uploads\/2019\/01\/thumb-4-300x300.jpg 300w, https:\/\/anrem.fi\/wp-content\/uploads\/2019\/01\/thumb-4-400x400.jpg 400w, https:\/\/anrem.fi\/wp-content\/uploads\/2019\/01\/thumb-4.jpg 600w\" sizes=\"(max-width: 600px) 100vw, 600px\" \/><\/a><\/p>\n","protected":false},"excerpt":{"rendered":"<p> [&hellip;]<\/p>\n","protected":false},"author":2,"featured_media":0,"parent":20387,"menu_order":0,"comment_status":"closed","ping_status":"closed","template":"","meta":{"footnotes":""},"_links":{"self":[{"href":"https:\/\/anrem.fi\/et\/wp-json\/wp\/v2\/pages\/20522"}],"collection":[{"href":"https:\/\/anrem.fi\/et\/wp-json\/wp\/v2\/pages"}],"about":[{"href":"https:\/\/anrem.fi\/et\/wp-json\/wp\/v2\/types\/page"}],"author":[{"embeddable":true,"href":"https:\/\/anrem.fi\/et\/wp-json\/wp\/v2\/users\/2"}],"replies":[{"embeddable":true,"href":"https:\/\/anrem.fi\/et\/wp-json\/wp\/v2\/comments?post=20522"}],"version-history":[{"count":3,"href":"https:\/\/anrem.fi\/et\/wp-json\/wp\/v2\/pages\/20522\/revisions"}],"predecessor-version":[{"id":20632,"href":"https:\/\/anrem.fi\/et\/wp-json\/wp\/v2\/pages\/20522\/revisions\/20632"}],"up":[{"embeddable":true,"href":"https:\/\/anrem.fi\/et\/wp-json\/wp\/v2\/pages\/20387"}],"wp:attachment":[{"href":"https:\/\/anrem.fi\/et\/wp-json\/wp\/v2\/media?parent=20522"}],"curies":[{"name":"wp","href":"https:\/\/api.w.org\/{rel}","templated":true}]}}