{"id":20520,"date":"2019-01-22T13:01:29","date_gmt":"2019-01-22T11:01:29","guid":{"rendered":"http:\/\/anremoy.veebispetsid.com\/?page_id=20520"},"modified":"2019-01-25T15:31:06","modified_gmt":"2019-01-25T13:31:06","slug":"terrasside-ehitus-ja-rmeont","status":"publish","type":"page","link":"https:\/\/anrem.fi\/et\/teenused\/terrasside-ehitus-ja-rmeont\/","title":{"rendered":"Terrasside ehitus ja remeont"},"content":{"rendered":"<h5>Terrassi planeerimine \u2013 valime v\u00e4lja parima asukoha ning paneme paika projekti ja leiame sobivad materjalid.<\/h5>\n<p>Teeme tugeva vundamendi ja ehitame valmis kauakestva karkassi. Viimistleme terrassi nii, et see p\u00fcsiks kaua ilus.<\/p>\n<p>Muudame v\u00e4sinud terrassid j\u00e4lle v\u00e4rsketeks. Hooldame, puhastame ja vajadusel vahetame v\u00e4lja vanad terrassilauad. Viimistleme terrassi sobivate vahenditega, et terrass p\u00fcsiks kaua nagu uus.<\/p>\n<p><a href=\"https:\/\/anrem.fi\/wp-content\/uploads\/2019\/01\/thumb-3.jpg\"><img decoding=\"async\" class=\"alignnone size-full wp-image-20415\" src=\"https:\/\/anrem.fi\/wp-content\/uploads\/2019\/01\/thumb-3.jpg\" alt=\"\" width=\"600\" height=\"600\" srcset=\"https:\/\/anrem.fi\/wp-content\/uploads\/2019\/01\/thumb-3-66x66.jpg 66w, https:\/\/anrem.fi\/wp-content\/uploads\/2019\/01\/thumb-3-150x150.jpg 150w, https:\/\/anrem.fi\/wp-content\/uploads\/2019\/01\/thumb-3-200x200.jpg 200w, https:\/\/anrem.fi\/wp-content\/uploads\/2019\/01\/thumb-3-300x300.jpg 300w, https:\/\/anrem.fi\/wp-content\/uploads\/2019\/01\/thumb-3-400x400.jpg 400w, https:\/\/anrem.fi\/wp-content\/uploads\/2019\/01\/thumb-3.jpg 600w\" sizes=\"(max-width: 600px) 100vw, 600px\" \/><\/a><\/p>\n","protected":false},"excerpt":{"rendered":"<p> [&hellip;]<\/p>\n","protected":false},"author":2,"featured_media":0,"parent":20387,"menu_order":0,"comment_status":"closed","ping_status":"closed","template":"","meta":{"footnotes":""},"_links":{"self":[{"href":"https:\/\/anrem.fi\/et\/wp-json\/wp\/v2\/pages\/20520"}],"collection":[{"href":"https:\/\/anrem.fi\/et\/wp-json\/wp\/v2\/pages"}],"about":[{"href":"https:\/\/anrem.fi\/et\/wp-json\/wp\/v2\/types\/page"}],"author":[{"embeddable":true,"href":"https:\/\/anrem.fi\/et\/wp-json\/wp\/v2\/users\/2"}],"replies":[{"embeddable":true,"href":"https:\/\/anrem.fi\/et\/wp-json\/wp\/v2\/comments?post=20520"}],"version-history":[{"count":3,"href":"https:\/\/anrem.fi\/et\/wp-json\/wp\/v2\/pages\/20520\/revisions"}],"predecessor-version":[{"id":20630,"href":"https:\/\/anrem.fi\/et\/wp-json\/wp\/v2\/pages\/20520\/revisions\/20630"}],"up":[{"embeddable":true,"href":"https:\/\/anrem.fi\/et\/wp-json\/wp\/v2\/pages\/20387"}],"wp:attachment":[{"href":"https:\/\/anrem.fi\/et\/wp-json\/wp\/v2\/media?parent=20520"}],"curies":[{"name":"wp","href":"https:\/\/api.w.org\/{rel}","templated":true}]}}