{"id":20518,"date":"2019-01-22T13:01:15","date_gmt":"2019-01-22T11:01:15","guid":{"rendered":"http:\/\/anremoy.veebispetsid.com\/?page_id=20518"},"modified":"2019-01-25T15:29:43","modified_gmt":"2019-01-25T13:29:43","slug":"koogi-vannitoa-ja-saunade-remont","status":"publish","type":"page","link":"https:\/\/anrem.fi\/et\/teenused\/koogi-vannitoa-ja-saunade-remont\/","title":{"rendered":"K\u00f6\u00f6gi, vannitoa ja saunade remont"},"content":{"rendered":"<h5>Alates kosmeetilisest remondist kuni kapitaalse remondini.<\/h5>\n<p>Planeerime uue k\u00f6\u00f6gi v\u00f5i muudame olemasolevat planeeringut, et j\u00f5uda parima tulemuseni \u2013 seda k\u00f5ike koos kliendiga ja tema soove arvesse v\u00f5ttes. Teostame lammutus- ja viimistlust\u00f6id. Paigaldame uue k\u00f6\u00f6gim\u00f6\u00f6bli ja -tehnika, plaadime t\u00f6\u00f6pinna taga oleva seina, teostame vajalikud toru- ja elektrit\u00f6\u00f6d.<\/p>\n<p>Teeme m\u00e4rgade ruumidele n\u00f5uetekohase h\u00fcdroisolatsioonipaigalduse, omades selleks vastavaid sertifikaate. Teostame soovi korral torut\u00f6\u00f6d ja vahetame v\u00e4lja vanad seadmed, lammutame, krohvime, plaadime, paigaldame uued k\u00fcttes\u00fcsteemid. Kliendiga koost\u00f6\u00f6s valime v\u00e4lja ja paigaldame uued plaadid.<\/p>\n<p>Teeme saunad korda \u2013 eemaldame vanad seina- ja laekatte materjalid, kontrollime aurut\u00f5kke, soojustuse korrasolekut ning aitame teil planeerida uue sauna ja teostada k\u00f5ik vajaminevad t\u00f6\u00f6d, et saaksite nautida taas m\u00f5nusat leili. Samas on v\u00f5imalik tellida ka ainult sauna hooldus ja viimistlus teenust.<\/p>\n<p><a href=\"https:\/\/anrem.fi\/wp-content\/uploads\/2019\/01\/thumb-1.jpg\"><img decoding=\"async\" class=\"alignnone size-full wp-image-20409\" src=\"https:\/\/anrem.fi\/wp-content\/uploads\/2019\/01\/thumb-1.jpg\" alt=\"\" width=\"600\" height=\"600\" srcset=\"https:\/\/anrem.fi\/wp-content\/uploads\/2019\/01\/thumb-1-66x66.jpg 66w, https:\/\/anrem.fi\/wp-content\/uploads\/2019\/01\/thumb-1-150x150.jpg 150w, https:\/\/anrem.fi\/wp-content\/uploads\/2019\/01\/thumb-1-200x200.jpg 200w, https:\/\/anrem.fi\/wp-content\/uploads\/2019\/01\/thumb-1-300x300.jpg 300w, https:\/\/anrem.fi\/wp-content\/uploads\/2019\/01\/thumb-1-400x400.jpg 400w, https:\/\/anrem.fi\/wp-content\/uploads\/2019\/01\/thumb-1.jpg 600w\" sizes=\"(max-width: 600px) 100vw, 600px\" \/><\/a><\/p>\n","protected":false},"excerpt":{"rendered":"<p> [&hellip;]<\/p>\n","protected":false},"author":2,"featured_media":0,"parent":20387,"menu_order":0,"comment_status":"closed","ping_status":"closed","template":"","meta":{"footnotes":""},"_links":{"self":[{"href":"https:\/\/anrem.fi\/et\/wp-json\/wp\/v2\/pages\/20518"}],"collection":[{"href":"https:\/\/anrem.fi\/et\/wp-json\/wp\/v2\/pages"}],"about":[{"href":"https:\/\/anrem.fi\/et\/wp-json\/wp\/v2\/types\/page"}],"author":[{"embeddable":true,"href":"https:\/\/anrem.fi\/et\/wp-json\/wp\/v2\/users\/2"}],"replies":[{"embeddable":true,"href":"https:\/\/anrem.fi\/et\/wp-json\/wp\/v2\/comments?post=20518"}],"version-history":[{"count":2,"href":"https:\/\/anrem.fi\/et\/wp-json\/wp\/v2\/pages\/20518\/revisions"}],"predecessor-version":[{"id":20627,"href":"https:\/\/anrem.fi\/et\/wp-json\/wp\/v2\/pages\/20518\/revisions\/20627"}],"up":[{"embeddable":true,"href":"https:\/\/anrem.fi\/et\/wp-json\/wp\/v2\/pages\/20387"}],"wp:attachment":[{"href":"https:\/\/anrem.fi\/et\/wp-json\/wp\/v2\/media?parent=20518"}],"curies":[{"name":"wp","href":"https:\/\/api.w.org\/{rel}","templated":true}]}}