{"id":20515,"date":"2019-01-22T13:00:22","date_gmt":"2019-01-22T11:00:22","guid":{"rendered":"http:\/\/anremoy.veebispetsid.com\/?page_id=20515"},"modified":"2019-01-25T15:28:50","modified_gmt":"2019-01-25T13:28:50","slug":"kontori-ja-aripindade-remont","status":"publish","type":"page","link":"https:\/\/anrem.fi\/et\/teenused\/kontori-ja-aripindade-remont\/","title":{"rendered":"Kontori ja \u00e4ripindade remont"},"content":{"rendered":"<h5>Anname teie \u00e4ripindadele v\u00e4rske ja kaasaegse v\u00e4limuse.<\/h5>\n<p>Teeme erinevaid remontt\u00f6id alates kapitaalremondist \u2013 l\u00f5petades ruumide \u00fcmberplaneerimisega. Uuendame \u00e4ripindade siseviimistluse ja vajadusel sisustame ka uue m\u00f6\u00f6bliga.<\/p>\n<p>Muudame teie t\u00f6\u00f6koha turvaliseks \u2013 vahetame v\u00e4lja vana elektrijuhtmestiku, asendame uue turvalise ja k\u00f5igile n\u00f5uetele vastavaga. Paigaldame \u00fcmber pistikupesad.<\/p>\n<p>Vahetame v\u00e4lja vanad kulunud p\u00f5randad \u2013 uute ja kvaliteetsete vastu. Paigaldame ka p\u00f5randa- ja seinaplaate ning erinevaid ripplagesid. Vajadusel loome eraldatud t\u00f6\u00f6alasi tubade vaheliste seinte v\u00f5i sirmide n\u00e4ol. Paigaldame erinevaid avat\u00e4iteid \u2013 aknaid ja uksi.<\/p>\n<p><a href=\"https:\/\/anrem.fi\/wp-content\/uploads\/2019\/01\/thumb-5.jpg\"><img decoding=\"async\" class=\"wp-image-20421 size-full alignleft\" src=\"https:\/\/anrem.fi\/wp-content\/uploads\/2019\/01\/thumb-5.jpg\" alt=\"\" width=\"600\" height=\"600\" srcset=\"https:\/\/anrem.fi\/wp-content\/uploads\/2019\/01\/thumb-5-66x66.jpg 66w, https:\/\/anrem.fi\/wp-content\/uploads\/2019\/01\/thumb-5-150x150.jpg 150w, https:\/\/anrem.fi\/wp-content\/uploads\/2019\/01\/thumb-5-200x200.jpg 200w, https:\/\/anrem.fi\/wp-content\/uploads\/2019\/01\/thumb-5-300x300.jpg 300w, https:\/\/anrem.fi\/wp-content\/uploads\/2019\/01\/thumb-5-400x400.jpg 400w, https:\/\/anrem.fi\/wp-content\/uploads\/2019\/01\/thumb-5.jpg 600w\" sizes=\"(max-width: 600px) 100vw, 600px\" \/><\/a><\/p>\n","protected":false},"excerpt":{"rendered":"<p> [&hellip;]<\/p>\n","protected":false},"author":2,"featured_media":0,"parent":20387,"menu_order":0,"comment_status":"closed","ping_status":"closed","template":"","meta":{"footnotes":""},"_links":{"self":[{"href":"https:\/\/anrem.fi\/et\/wp-json\/wp\/v2\/pages\/20515"}],"collection":[{"href":"https:\/\/anrem.fi\/et\/wp-json\/wp\/v2\/pages"}],"about":[{"href":"https:\/\/anrem.fi\/et\/wp-json\/wp\/v2\/types\/page"}],"author":[{"embeddable":true,"href":"https:\/\/anrem.fi\/et\/wp-json\/wp\/v2\/users\/2"}],"replies":[{"embeddable":true,"href":"https:\/\/anrem.fi\/et\/wp-json\/wp\/v2\/comments?post=20515"}],"version-history":[{"count":3,"href":"https:\/\/anrem.fi\/et\/wp-json\/wp\/v2\/pages\/20515\/revisions"}],"predecessor-version":[{"id":20624,"href":"https:\/\/anrem.fi\/et\/wp-json\/wp\/v2\/pages\/20515\/revisions\/20624"}],"up":[{"embeddable":true,"href":"https:\/\/anrem.fi\/et\/wp-json\/wp\/v2\/pages\/20387"}],"wp:attachment":[{"href":"https:\/\/anrem.fi\/et\/wp-json\/wp\/v2\/media?parent=20515"}],"curies":[{"name":"wp","href":"https:\/\/api.w.org\/{rel}","templated":true}]}}