{"id":20387,"date":"2019-01-16T16:53:00","date_gmt":"2019-01-16T14:53:00","guid":{"rendered":"http:\/\/anremoy.veebispetsid.com\/?page_id=20387"},"modified":"2019-01-22T14:33:28","modified_gmt":"2019-01-22T12:33:28","slug":"teenused","status":"publish","type":"page","link":"https:\/\/anrem.fi\/et\/teenused\/","title":{"rendered":"Teenused"},"content":{"rendered":"<div class=\"fusion-fullwidth fullwidth-box fusion-builder-row-1 nonhundred-percent-fullwidth non-hundred-percent-height-scrolling\" style=\"--awb-border-radius-top-left:0px;--awb-border-radius-top-right:0px;--awb-border-radius-bottom-right:0px;--awb-border-radius-bottom-left:0px;--awb-flex-wrap:wrap;\" ><div class=\"fusion-builder-row fusion-row\"><div class=\"fusion-layout-column fusion_builder_column fusion-builder-column-0 fusion_builder_column_1_1 1_1 fusion-one-full fusion-column-first fusion-column-last\" style=\"--awb-bg-size:cover;\"><div class=\"fusion-column-wrapper fusion-flex-column-wrapper-legacy\"><div class=\"fusion-content-boxes content-boxes columns row fusion-columns-3 fusion-columns-total-7 fusion-content-boxes-1 content-boxes-icon-with-title content-left\" style=\"--awb-backgroundcolor:#f9f9f9;--awb-iconcolor:#333333;--awb-hover-accent-color:#ff9d00;--awb-circle-hover-accent-color:transparent;\" data-animationOffset=\"top-into-view\"><div style=\"--awb-backgroundcolor:#f9f9f9;--awb-iconcolor:#333333;\" class=\"fusion-column content-box-column content-box-column content-box-column-1 col-lg-4 col-md-4 col-sm-4 fusion-content-box-hover content-box-column-first-in-row\"><div class=\"col content-box-wrapper content-wrapper-background link-area-link-icon link-type-text icon-hover-animation-fade fusion-animated\" data-animationType=\"fadeInLeft\" data-animationDuration=\"0.3\" data-animationOffset=\"top-into-view\"><div class=\"heading heading-with-icon icon-left\"><a class=\"heading-link\" style=\"float:left;\" href=\"https:\/\/anrem.fi\/et\/teenused\/kontori-ja-aripindade-remont\/\" target=\"_self\"><div class=\"icon\"><i style=\"background-color:transparent;border-color:transparent;height:auto;width: 50px;line-height:normal;font-size:50px;\" aria-hidden=\"true\" class=\"fontawesome-icon fa-building far circle-no\"><\/i><\/div><h4 class=\"content-box-heading\" style=\"--h4_typography-font-size:17px;line-height:22px;\">Kontori ja \u00e4ripindade remont<\/h4><\/a><\/div><\/div><\/div><div style=\"--awb-backgroundcolor:#f9f9f9;--awb-iconcolor:#333333;\" class=\"fusion-column content-box-column content-box-column content-box-column-2 col-lg-4 col-md-4 col-sm-4 fusion-content-box-hover \"><div class=\"col content-box-wrapper content-wrapper-background link-area-link-icon link-type-text icon-hover-animation-fade fusion-animated\" data-animationType=\"fadeInLeft\" data-animationDuration=\"0.3\" data-animationOffset=\"top-into-view\"><div class=\"heading heading-with-icon icon-left\"><a class=\"heading-link\" style=\"float:left;\" href=\"https:\/\/anrem.fi\/et\/teenused\/koogi-vannitoa-ja-saunade-remont\/\" target=\"_self\"><div class=\"icon\"><i style=\"background-color:transparent;border-color:transparent;height:auto;width: 50px;line-height:normal;font-size:50px;\" aria-hidden=\"true\" class=\"fontawesome-icon fa-bath fas circle-no\"><\/i><\/div><h4 class=\"content-box-heading\" style=\"--h4_typography-font-size:17px;line-height:22px;\">K\u00f6\u00f6gi, vannitoa ja sauna remont<\/h4><\/a><\/div><\/div><\/div><div style=\"--awb-backgroundcolor:#f9f9f9;--awb-iconcolor:#333333;\" class=\"fusion-column content-box-column content-box-column content-box-column-3 col-lg-4 col-md-4 col-sm-4 fusion-content-box-hover content-box-column-last-in-row\"><div class=\"col content-box-wrapper content-wrapper-background link-area-link-icon link-type-text icon-hover-animation-fade fusion-animated\" data-animationType=\"fadeInLeft\" data-animationDuration=\"0.3\" data-animationOffset=\"top-into-view\"><div class=\"heading heading-with-icon icon-left\"><a class=\"heading-link\" style=\"float:left;\" href=\"https:\/\/anrem.fi\/et\/teenused\/terrasside-ehitus-ja-rmeont\/\" target=\"_self\"><div class=\"icon\"><i style=\"background-color:transparent;border-color:transparent;height:auto;width: 50px;line-height:normal;font-size:50px;\" aria-hidden=\"true\" class=\"fontawesome-icon fa-home fas circle-no\"><\/i><\/div><h4 class=\"content-box-heading\" style=\"--h4_typography-font-size:17px;line-height:22px;\">Terrasside ehitus ja remont<\/h4><\/a><\/div><\/div><\/div><div style=\"--awb-backgroundcolor:#f9f9f9;--awb-iconcolor:#333333;\" class=\"fusion-column content-box-column content-box-column content-box-column-4 col-lg-4 col-md-4 col-sm-4 fusion-content-box-hover content-box-column-first-in-row\"><div class=\"col content-box-wrapper content-wrapper-background link-area-link-icon link-type-text icon-hover-animation-fade fusion-animated\" data-animationType=\"fadeInLeft\" data-animationDuration=\"0.3\" data-animationOffset=\"top-into-view\"><div class=\"heading heading-with-icon icon-left\"><a class=\"heading-link\" style=\"float:left;\" href=\"https:\/\/anrem.fi\/et\/teenused\/valis-ja-sise-varvimistood\/\" target=\"_self\"><div class=\"icon\"><i style=\"background-color:transparent;border-color:transparent;height:auto;width: 50px;line-height:normal;font-size:50px;\" aria-hidden=\"true\" class=\"fontawesome-icon fa-paint-roller fas circle-no\"><\/i><\/div><h4 class=\"content-box-heading\" style=\"--h4_typography-font-size:17px;line-height:22px;\">V\u00e4lis- ja sise v\u00e4rvimist\u00f6\u00f6d<\/h4><\/a><\/div><\/div><\/div><div style=\"--awb-backgroundcolor:#f9f9f9;--awb-iconcolor:#333333;\" class=\"fusion-column content-box-column content-box-column content-box-column-5 col-lg-4 col-md-4 col-sm-4 fusion-content-box-hover \"><div class=\"col content-box-wrapper content-wrapper-background link-area-link-icon link-type-text icon-hover-animation-fade fusion-animated\" data-animationType=\"fadeInLeft\" data-animationDuration=\"0.3\" data-animationOffset=\"top-into-view\"><div class=\"heading heading-with-icon icon-left\"><a class=\"heading-link\" style=\"float:left;\" href=\"https:\/\/anrem.fi\/et\/teenused\/uldehitustood\/\" target=\"_self\"><div class=\"icon\"><i style=\"background-color:transparent;border-color:transparent;height:auto;width: 50px;line-height:normal;font-size:50px;\" aria-hidden=\"true\" class=\"fontawesome-icon fa-hammer fas circle-no\"><\/i><\/div><h4 class=\"content-box-heading\" style=\"--h4_typography-font-size:17px;line-height:22px;\">\u00dcldehitust\u00f6\u00f6d<\/h4><\/a><\/div><\/div><\/div><div style=\"--awb-backgroundcolor:#f9f9f9;--awb-iconcolor:#333333;\" class=\"fusion-column content-box-column content-box-column content-box-column-6 col-lg-4 col-md-4 col-sm-4 fusion-content-box-hover content-box-column-last-in-row\"><div class=\"col content-box-wrapper content-wrapper-background link-area-link-icon link-type-text icon-hover-animation-fade fusion-animated\" data-animationType=\"fadeInLeft\" data-animationDuration=\"0.3\" data-animationOffset=\"top-into-view\"><div class=\"heading heading-with-icon icon-left\"><a class=\"heading-link\" style=\"float:left;\" href=\"https:\/\/anrem.fi\/et\/teenused\/erimoobli-tellimine\/\" target=\"_self\"><div class=\"icon\"><i style=\"background-color:transparent;border-color:transparent;height:auto;width: 50px;line-height:normal;font-size:50px;\" aria-hidden=\"true\" class=\"fontawesome-icon fa-couch fas circle-no\"><\/i><\/div><h4 class=\"content-box-heading\" style=\"--h4_typography-font-size:17px;line-height:22px;\">Erim\u00f6\u00f6bli tellimine<\/h4><\/a><\/div><\/div><\/div><div style=\"--awb-backgroundcolor:#f9f9f9;--awb-iconcolor:#333333;\" class=\"fusion-column content-box-column content-box-column content-box-column-7 col-lg-4 col-md-4 col-sm-4 fusion-content-box-hover content-box-column-first-in-row content-box-column-last\"><div class=\"col content-box-wrapper content-wrapper-background link-area-link-icon link-type-text icon-hover-animation-fade fusion-animated\" data-animationType=\"fadeInLeft\" data-animationDuration=\"0.3\" data-animationOffset=\"top-into-view\"><div class=\"heading heading-with-icon icon-left\"><a class=\"heading-link\" style=\"float:left;\" href=\"https:\/\/anrem.fi\/et\/teenused\/moobli-paigaldus\/\" target=\"_self\"><div class=\"icon\"><i style=\"background-color:transparent;border-color:transparent;height:auto;width: 50px;line-height:normal;font-size:50px;\" aria-hidden=\"true\" class=\"fontawesome-icon fa-people-carry fas circle-no\"><\/i><\/div><h4 class=\"content-box-heading\" style=\"--h4_typography-font-size:17px;line-height:22px;\">M\u00f6\u00f6bli paigaldus<\/h4><\/a><\/div><\/div><\/div><div class=\"fusion-clearfix\"><\/div><\/div><div class=\"fusion-clearfix\"><\/div><\/div><\/div><\/div><\/div>\n","protected":false},"excerpt":{"rendered":"","protected":false},"author":2,"featured_media":0,"parent":0,"menu_order":0,"comment_status":"closed","ping_status":"closed","template":"","meta":{"footnotes":""},"_links":{"self":[{"href":"https:\/\/anrem.fi\/et\/wp-json\/wp\/v2\/pages\/20387"}],"collection":[{"href":"https:\/\/anrem.fi\/et\/wp-json\/wp\/v2\/pages"}],"about":[{"href":"https:\/\/anrem.fi\/et\/wp-json\/wp\/v2\/types\/page"}],"author":[{"embeddable":true,"href":"https:\/\/anrem.fi\/et\/wp-json\/wp\/v2\/users\/2"}],"replies":[{"embeddable":true,"href":"https:\/\/anrem.fi\/et\/wp-json\/wp\/v2\/comments?post=20387"}],"version-history":[{"count":10,"href":"https:\/\/anrem.fi\/et\/wp-json\/wp\/v2\/pages\/20387\/revisions"}],"predecessor-version":[{"id":20623,"href":"https:\/\/anrem.fi\/et\/wp-json\/wp\/v2\/pages\/20387\/revisions\/20623"}],"wp:attachment":[{"href":"https:\/\/anrem.fi\/et\/wp-json\/wp\/v2\/media?parent=20387"}],"curies":[{"name":"wp","href":"https:\/\/api.w.org\/{rel}","templated":true}]}}