{"id":20035,"date":"2018-11-30T12:23:29","date_gmt":"2018-11-30T10:23:29","guid":{"rendered":"http:\/\/effoff.veebispetsid.com\/?page_id=20035"},"modified":"2019-01-22T14:28:25","modified_gmt":"2019-01-22T12:28:25","slug":"meist","status":"publish","type":"page","link":"https:\/\/anrem.fi\/et\/meist\/","title":{"rendered":"Meist"},"content":{"rendered":"<div class=\"fusion-fullwidth fullwidth-box fusion-builder-row-1 nonhundred-percent-fullwidth non-hundred-percent-height-scrolling\" style=\"--awb-border-radius-top-left:0px;--awb-border-radius-top-right:0px;--awb-border-radius-bottom-right:0px;--awb-border-radius-bottom-left:0px;--awb-flex-wrap:wrap;\" ><div class=\"fusion-builder-row fusion-row\"><div class=\"fusion-layout-column fusion_builder_column fusion-builder-column-0 fusion_builder_column_1_1 1_1 fusion-one-full fusion-column-first fusion-column-last\" style=\"--awb-bg-size:cover;--awb-margin-bottom:0px;\"><div class=\"fusion-column-wrapper fusion-flex-column-wrapper-legacy\"><div class=\"fusion-text fusion-text-1\"><h4>Ehitusettev\u00f5te <strong>Anrem Oy<\/strong> asutati 2012. aastal. Teeme erinevaid ehitus ja remontt\u00f6id.<\/h4>\n<p>Lisaks pakume erim\u00f6\u00f6bli tellimis ja paigaldus teenuseid. Meie p\u00f5hikliendid eraisikud ja ettev\u00f5tted . T\u00f6id teostame p\u00f5hiliselt Helsingis, Vantaas ja Espoos ehk pealinna l\u00e4hi\u00fcmbruses, aga vajadusel oleme ka valmis tegema t\u00f6id kaugemal.<\/p>\n<p>Meie meeskonnal on pikaajaline ja kogemusterohke ehitust\u00f6\u00f6de pagas. Teeme tihedat koost\u00f6\u00f6d erinevate elektri- ja torut\u00f6\u00f6de ettev\u00f5tetega, seega suudame pakkuda ka v\u00f5tmed k\u00e4tte teenust. Pakume paindlikku ja kliendile orienteeritud teenust ning kvaliteetset l\u00f5pptulemust.<\/p>\n<p>Meie poliitika on, et teeme k\u00f5ik t\u00f6\u00f6d, mida klient tahab, kiiresti ilma kvaliteeti ohustamata. T\u00f6\u00f6tame professionaalselt algusest l\u00f5puni, s\u00f5ltumata selle ulatusest. Meie eesm\u00e4rk on, et klient oleks tulemusega rahul, mis on meie jaoks au k\u00fcsimus.<\/p>\n<\/div><div class=\"fusion-button-wrapper\"><a class=\"fusion-button button-flat fusion-button-default-size button-default fusion-button-default button-1 fusion-button-default-span fusion-button-default-type\" target=\"_self\" href=\"https:\/\/anrem.fi\/et\/kontakt\/\"><span class=\"fusion-button-text\">V\u00f5ta julgesti \u00fchendust <\/span><i class=\"fa-angle-right fas button-icon-right\" aria-hidden=\"true\"><\/i><\/a><\/div><div class=\"fusion-clearfix\"><\/div><\/div><\/div><\/div><\/div>\n","protected":false},"excerpt":{"rendered":"","protected":false},"author":2,"featured_media":0,"parent":0,"menu_order":0,"comment_status":"closed","ping_status":"closed","template":"","meta":{"footnotes":""},"_links":{"self":[{"href":"https:\/\/anrem.fi\/et\/wp-json\/wp\/v2\/pages\/20035"}],"collection":[{"href":"https:\/\/anrem.fi\/et\/wp-json\/wp\/v2\/pages"}],"about":[{"href":"https:\/\/anrem.fi\/et\/wp-json\/wp\/v2\/types\/page"}],"author":[{"embeddable":true,"href":"https:\/\/anrem.fi\/et\/wp-json\/wp\/v2\/users\/2"}],"replies":[{"embeddable":true,"href":"https:\/\/anrem.fi\/et\/wp-json\/wp\/v2\/comments?post=20035"}],"version-history":[{"count":7,"href":"https:\/\/anrem.fi\/et\/wp-json\/wp\/v2\/pages\/20035\/revisions"}],"predecessor-version":[{"id":20620,"href":"https:\/\/anrem.fi\/et\/wp-json\/wp\/v2\/pages\/20035\/revisions\/20620"}],"wp:attachment":[{"href":"https:\/\/anrem.fi\/et\/wp-json\/wp\/v2\/media?parent=20035"}],"curies":[{"name":"wp","href":"https:\/\/api.w.org\/{rel}","templated":true}]}}