{"id":16546,"date":"2015-09-12T02:18:14","date_gmt":"2015-09-12T02:18:14","guid":{"rendered":"http:\/\/effoff.veebispetsid.com\/?page_id=16546"},"modified":"2019-01-30T13:48:20","modified_gmt":"2019-01-30T11:48:20","slug":"avaleht","status":"publish","type":"page","link":"https:\/\/anrem.fi\/et\/","title":{"rendered":"Avaleht"},"content":{"rendered":"<p><div class=\"fusion-fullwidth fullwidth-box fusion-builder-row-1 nonhundred-percent-fullwidth non-hundred-percent-height-scrolling\" style=\"--awb-border-radius-top-left:0px;--awb-border-radius-top-right:0px;--awb-border-radius-bottom-right:0px;--awb-border-radius-bottom-left:0px;--awb-flex-wrap:wrap;\" ><div class=\"fusion-builder-row fusion-row\"><div class=\"fusion-layout-column fusion_builder_column fusion-builder-column-0 fusion_builder_column_1_1 1_1 fusion-one-full fusion-column-first fusion-column-last\" style=\"--awb-bg-size:cover;\"><div class=\"fusion-column-wrapper fusion-flex-column-wrapper-legacy\"><div class=\"fusion-text fusion-text-1\"><h3>Ehitusettev\u00f5te <strong>Anrem Oy<\/strong> asutati 2012. aastal. Teeme erinevaid ehitus ja remontt\u00f6id.<\/h3>\n<p>Lisaks pakume erim\u00f6\u00f6bli tellimis ja paigaldus teenuseid. Meie p\u00f5hikliendid eraisikud ja ettev\u00f5tted. T\u00f6id teostame p\u00f5hiliselt Helsingis, Vantaas ja Espoos ehk pealinna l\u00e4hi\u00fcmbruses, aga vajadusel oleme ka valmis tegema t\u00f6id kaugemal. Meie meeskonnal on pikaajaline ja kogemusterohke ehitust\u00f6\u00f6de pagas. Teeme tihedat koost\u00f6\u00f6d erinevate elektri- ja torut\u00f6\u00f6de ettev\u00f5tetega, seega suudame pakkuda ka v\u00f5tmed k\u00e4tte teenust. Pakume paindlikku ja kliendile orienteeritud teenust ning kvaliteetset l\u00f5pptulemust.<\/p>\n<\/div><div class=\"fusion-clearfix\"><\/div><\/div><\/div><\/div><\/div><div class=\"fusion-bg-parallax\" data-bg-align=\"center bottom\" data-direction=\"up\" data-mute=\"false\" data-opacity=\"100\" data-velocity=\"-0.3\" data-mobile-enabled=\"false\" data-break_parents=\"0\" data-bg-image=\"https:\/\/anrem.fi\/wp-content\/uploads\/2019\/01\/00-1238123791823791824.jpg\" data-bg-repeat=\"false\" data-bg-color=\"#333333\" ><\/div><div class=\"fusion-fullwidth fullwidth-box fusion-builder-row-2 fusion-parallax-up nonhundred-percent-fullwidth non-hundred-percent-height-scrolling fusion-equal-height-columns\" style=\"--awb-background-position:center bottom;--awb-border-radius-top-left:0px;--awb-border-radius-top-right:0px;--awb-border-radius-bottom-right:0px;--awb-border-radius-bottom-left:0px;--awb-padding-top:50px;--awb-padding-bottom:40px;--awb-background-color:#333333;--awb-background-image:url(&quot;https:\/\/anrem.fi\/wp-content\/uploads\/2019\/01\/00-1238123791823791824.jpg&quot;);--awb-background-size:cover;--awb-flex-wrap:wrap;\" ><div class=\"fusion-builder-row fusion-row\"><div class=\"fusion-layout-column fusion_builder_column fusion-builder-column-1 fusion_builder_column_1_4 1_4 fusion-one-fourth fusion-column-first fusion-column-inner-bg-wrapper\" style=\"--awb-padding-top:130px;--awb-inner-bg-image:url(&#039;https:\/\/anrem.fi\/wp-content\/uploads\/2019\/01\/thumb-5.jpg&#039;);--awb-inner-bg-position:center center;--awb-inner-bg-size:cover;width:25%;width:calc(25% - ( ( 1% + 1% + 1% ) * 0.25 ) );margin-right: 1%;\"><span class=\"fusion-column-inner-bg hover-type-zoomin\"><a class=\"fusion-column-anchor\" href=\"https:\/\/anrem.fi\/et\/teenused\/kontori-ja-aripindade-remont\/\"><span class=\"fusion-column-inner-bg-image\"><\/span><\/a><\/span><div class=\"fusion-column-wrapper fusion-flex-column-wrapper-legacy fusion-column-has-bg-image\" data-bg-url=\"https:\/\/anrem.fi\/wp-content\/uploads\/2019\/01\/thumb-5.jpg\"><div class=\"fusion-text fusion-text-2\"><h6 style=\"text-align: center; padding: 20px; background: rgba(0,0,0,0.5); color: #ffffff; margin-bottom: 0px;\">Kontori ja \u00e4ripindade remont<\/h6>\n<\/div><div class=\"fusion-clearfix\"><\/div><\/div><\/div><div class=\"fusion-layout-column fusion_builder_column fusion-builder-column-2 fusion_builder_column_1_4 1_4 fusion-one-fourth fusion-column-inner-bg-wrapper\" style=\"--awb-padding-top:130px;--awb-inner-bg-image:url(&#039;https:\/\/anrem.fi\/wp-content\/uploads\/2019\/01\/thumb-1.jpg&#039;);--awb-inner-bg-position:center center;--awb-inner-bg-size:cover;width:25%;width:calc(25% - ( ( 1% + 1% + 1% ) * 0.25 ) );margin-right: 1%;\"><span class=\"fusion-column-inner-bg hover-type-zoomin\"><a class=\"fusion-column-anchor\" href=\"https:\/\/anrem.fi\/et\/teenused\/koogi-vannitoa-ja-saunade-remont\/\"><span class=\"fusion-column-inner-bg-image\"><\/span><\/a><\/span><div class=\"fusion-column-wrapper fusion-flex-column-wrapper-legacy fusion-column-has-bg-image\" data-bg-url=\"https:\/\/anrem.fi\/wp-content\/uploads\/2019\/01\/thumb-1.jpg\"><div class=\"fusion-text fusion-text-3\"><h6 style=\"text-align: center; padding: 20px; background: rgba(0,0,0,0.5); color: #ffffff; margin-bottom: 0px;\">K\u00f6\u00f6gi, vannitoa ja sauna remont<\/h6>\n<\/div><div class=\"fusion-clearfix\"><\/div><\/div><\/div><div class=\"fusion-layout-column fusion_builder_column fusion-builder-column-3 fusion_builder_column_1_4 1_4 fusion-one-fourth fusion-column-inner-bg-wrapper\" style=\"--awb-padding-top:130px;--awb-inner-bg-image:url(&#039;https:\/\/anrem.fi\/wp-content\/uploads\/2019\/01\/thumb-3.jpg&#039;);--awb-inner-bg-position:center center;--awb-inner-bg-size:cover;width:25%;width:calc(25% - ( ( 1% + 1% + 1% ) * 0.25 ) );margin-right: 1%;\"><span class=\"fusion-column-inner-bg hover-type-zoomin\"><a class=\"fusion-column-anchor\" href=\"https:\/\/anrem.fi\/et\/teenused\/terrasside-ehitus-ja-rmeont\/\"><span class=\"fusion-column-inner-bg-image\"><\/span><\/a><\/span><div class=\"fusion-column-wrapper fusion-flex-column-wrapper-legacy fusion-column-has-bg-image\" data-bg-url=\"https:\/\/anrem.fi\/wp-content\/uploads\/2019\/01\/thumb-3.jpg\"><div class=\"fusion-text fusion-text-4\"><h6 style=\"text-align: center; padding: 20px; background: rgba(0,0,0,0.5); color: #ffffff; margin-bottom: 0px;\">Terrasside ehitus ja remont<\/h6>\n<\/div><div class=\"fusion-clearfix\"><\/div><\/div><\/div><div class=\"fusion-layout-column fusion_builder_column fusion-builder-column-4 fusion_builder_column_1_4 1_4 fusion-one-fourth fusion-column-last fusion-column-inner-bg-wrapper\" style=\"--awb-padding-top:130px;--awb-inner-bg-image:url(&#039;https:\/\/anrem.fi\/wp-content\/uploads\/2019\/01\/thumb-4.jpg&#039;);--awb-inner-bg-position:center center;--awb-inner-bg-size:cover;width:25%;width:calc(25% - ( ( 1% + 1% + 1% ) * 0.25 ) );\"><span class=\"fusion-column-inner-bg hover-type-zoomin\"><a class=\"fusion-column-anchor\" href=\"https:\/\/anrem.fi\/et\/teenused\/valis-ja-sise-varvimistood\/\"><span class=\"fusion-column-inner-bg-image\"><\/span><\/a><\/span><div class=\"fusion-column-wrapper fusion-flex-column-wrapper-legacy fusion-column-has-bg-image\" data-bg-url=\"https:\/\/anrem.fi\/wp-content\/uploads\/2019\/01\/thumb-4.jpg\"><div class=\"fusion-text fusion-text-5\"><h6 style=\"text-align: center; padding: 20px; background: rgba(0,0,0,0.5); color: #ffffff; margin-bottom: 0px;\">V\u00e4lis- ja sise v\u00e4rvimist\u00f6\u00f6d<\/h6>\n<\/div><div class=\"fusion-clearfix\"><\/div><\/div><\/div><div class=\"fusion-layout-column fusion_builder_column fusion-builder-column-5 fusion_builder_column_1_4 1_4 fusion-one-fourth fusion-column-first fusion-column-inner-bg-wrapper\" style=\"--awb-padding-top:130px;--awb-inner-bg-image:url(&#039;https:\/\/anrem.fi\/wp-content\/uploads\/2019\/01\/thumb-2-1.jpg&#039;);--awb-inner-bg-position:center center;--awb-inner-bg-size:cover;width:25%;width:calc(25% - ( ( 1% + 1% + 1% ) * 0.25 ) );margin-right: 1%;\"><span class=\"fusion-column-inner-bg hover-type-zoomin\"><a class=\"fusion-column-anchor\" href=\"https:\/\/anrem.fi\/et\/teenused\/uldehitustood\/\"><span class=\"fusion-column-inner-bg-image\"><\/span><\/a><\/span><div class=\"fusion-column-wrapper fusion-flex-column-wrapper-legacy fusion-column-has-bg-image\" data-bg-url=\"https:\/\/anrem.fi\/wp-content\/uploads\/2019\/01\/thumb-2-1.jpg\"><div class=\"fusion-text fusion-text-6\"><h6 style=\"text-align: center; padding: 20px; background: rgba(0,0,0,0.5); color: #ffffff; margin-bottom: 0px;\">\u00dcldehitust\u00f6\u00f6d<\/h6>\n<\/div><div class=\"fusion-clearfix\"><\/div><\/div><\/div><div class=\"fusion-layout-column fusion_builder_column fusion-builder-column-6 fusion_builder_column_1_4 1_4 fusion-one-fourth fusion-column-inner-bg-wrapper\" style=\"--awb-padding-top:130px;--awb-inner-bg-image:url(&#039;https:\/\/anrem.fi\/wp-content\/uploads\/2019\/01\/thumb-6.jpg&#039;);--awb-inner-bg-position:center center;--awb-inner-bg-size:cover;width:25%;width:calc(25% - ( ( 1% + 1% + 1% ) * 0.25 ) );margin-right: 1%;\"><span class=\"fusion-column-inner-bg hover-type-zoomin\"><a class=\"fusion-column-anchor\" href=\"https:\/\/anrem.fi\/et\/teenused\/erimoobli-tellimine\/\"><span class=\"fusion-column-inner-bg-image\"><\/span><\/a><\/span><div class=\"fusion-column-wrapper fusion-flex-column-wrapper-legacy fusion-column-has-bg-image\" data-bg-url=\"https:\/\/anrem.fi\/wp-content\/uploads\/2019\/01\/thumb-6.jpg\"><div class=\"fusion-text fusion-text-7\"><h6 style=\"text-align: center; padding: 20px; background: rgba(0,0,0,0.5); color: #ffffff; margin-bottom: 0px;\">Erim\u00f6\u00f6bli tellimine<\/h6>\n<\/div><div class=\"fusion-clearfix\"><\/div><\/div><\/div><div class=\"fusion-layout-column fusion_builder_column fusion-builder-column-7 fusion_builder_column_1_4 1_4 fusion-one-fourth fusion-column-inner-bg-wrapper\" style=\"--awb-padding-top:130px;--awb-inner-bg-image:url(&#039;https:\/\/anrem.fi\/wp-content\/uploads\/2019\/01\/thumb-7.jpg&#039;);--awb-inner-bg-position:center center;--awb-inner-bg-size:cover;width:25%;width:calc(25% - ( ( 1% + 1% + 1% ) * 0.25 ) );margin-right: 1%;\"><span class=\"fusion-column-inner-bg hover-type-zoomin\"><a class=\"fusion-column-anchor\" href=\"https:\/\/anrem.fi\/et\/teenused\/moobli-paigaldus\/\"><span class=\"fusion-column-inner-bg-image\"><\/span><\/a><\/span><div class=\"fusion-column-wrapper fusion-flex-column-wrapper-legacy fusion-column-has-bg-image\" data-bg-url=\"https:\/\/anrem.fi\/wp-content\/uploads\/2019\/01\/thumb-7.jpg\"><div class=\"fusion-text fusion-text-8\"><h6 style=\"text-align: center; padding: 20px; background: rgba(0,0,0,0.5); color: #ffffff; margin-bottom: 0px;\">M\u00f6\u00f6bli paigaldus<\/h6>\n<\/div><div class=\"fusion-clearfix\"><\/div><\/div><\/div><div class=\"fusion-layout-column fusion_builder_column fusion-builder-column-8 fusion_builder_column_1_4 1_4 fusion-one-fourth fusion-column-last fusion-column-inner-bg-wrapper\" style=\"--awb-padding-top:70px;--awb-padding-right:20px;--awb-padding-bottom:50px;--awb-padding-left:20px;--awb-inner-bg-color:#333333;--awb-inner-bg-color-hover:#333333;--awb-inner-bg-position:center center;--awb-inner-bg-size:cover;width:25%;width:calc(25% - ( ( 1% + 1% + 1% ) * 0.25 ) );\"><span class=\"fusion-column-inner-bg hover-type-zoomin\"><a class=\"fusion-column-anchor\" href=\"https:\/\/anrem.fi\/et\/kontakt\/\"><span class=\"fusion-column-inner-bg-image\"><\/span><\/a><\/span><div class=\"fusion-column-wrapper fusion-flex-column-wrapper-legacy\"><div class=\"fusion-fa-align-center\"><i class=\"fb-icon-element-1 fb-icon-element fontawesome-icon fa-envelope far circle-no\" style=\"--awb-font-size:50px;--awb-margin-bottom:10px;\"><\/i><\/div><div class=\"fusion-text fusion-text-9\"><h5 style=\"text-align: center; color: #ffffff; margin-bottom: 0px;\">K\u00dcSI<br \/>\nPAKKUMIST!<\/h5>\n<\/div><div class=\"fusion-clearfix\"><\/div><\/div><\/div><\/div><\/div><\/p>\n","protected":false},"excerpt":{"rendered":"","protected":false},"author":2,"featured_media":0,"parent":0,"menu_order":0,"comment_status":"closed","ping_status":"closed","template":"100-width.php","meta":{"footnotes":""},"_links":{"self":[{"href":"https:\/\/anrem.fi\/et\/wp-json\/wp\/v2\/pages\/16546"}],"collection":[{"href":"https:\/\/anrem.fi\/et\/wp-json\/wp\/v2\/pages"}],"about":[{"href":"https:\/\/anrem.fi\/et\/wp-json\/wp\/v2\/types\/page"}],"author":[{"embeddable":true,"href":"https:\/\/anrem.fi\/et\/wp-json\/wp\/v2\/users\/2"}],"replies":[{"embeddable":true,"href":"https:\/\/anrem.fi\/et\/wp-json\/wp\/v2\/comments?post=16546"}],"version-history":[{"count":37,"href":"https:\/\/anrem.fi\/et\/wp-json\/wp\/v2\/pages\/16546\/revisions"}],"predecessor-version":[{"id":20656,"href":"https:\/\/anrem.fi\/et\/wp-json\/wp\/v2\/pages\/16546\/revisions\/20656"}],"wp:attachment":[{"href":"https:\/\/anrem.fi\/et\/wp-json\/wp\/v2\/media?parent=16546"}],"curies":[{"name":"wp","href":"https:\/\/api.w.org\/{rel}","templated":true}]}}